{"id":601,"date":"2018-07-03T06:55:34","date_gmt":"2018-07-03T06:55:34","guid":{"rendered":"https:\/\/rankdev.siyatamobile.com\/uniden-uv350\/"},"modified":"2018-11-28T20:16:48","modified_gmt":"2018-11-29T03:16:48","slug":"uniden-uv350","status":"publish","type":"page","link":"https:\/\/rankdev.siyatamobile.com\/fr\/uniden-uv350\/","title":{"rendered":"Uniden\u00ae UV350"},"content":{"rendered":"","protected":false},"excerpt":{"rendered":"","protected":false},"author":1,"featured_media":7560,"parent":0,"menu_order":0,"comment_status":"closed","ping_status":"closed","template":"template-product.php","meta":{"footnotes":""},"class_list":["post-601","page","type-page","status-publish","has-post-thumbnail","hentry"],"acf":[],"yoast_head":"<!-- This site is optimized with the Yoast SEO plugin v27.4 - https:\/\/yoast.com\/product\/yoast-seo-wordpress\/ -->\n<title>Uniden\u00ae UV350 | Siyata Mobile | Le premier appareil de communication de flotte 4G\/LTE<\/title>\n<meta name=\"description\" content=\"Uniden\u00ae UV350 - Le premier appareil de communication de flotte 4G\/LTE, tout en un, qui vous permet de faire des appels vocaux d\u2019excellente qualit\u00e9, il est dot\u00e9 d\u2019une messagerie vocale instantan\u00e9e par t\u00e9l\u00e9phone cellulaire, d\u2019applications de donn\u00e9es et encore plus\" \/>\n<meta name=\"robots\" content=\"noindex, follow, max-snippet:-1, max-image-preview:large, max-video-preview:-1\" \/>\n<meta property=\"og:locale\" content=\"fr_FR\" \/>\n<meta property=\"og:type\" content=\"article\" \/>\n<meta property=\"og:title\" content=\"Uniden\u00ae UV350 | Siyata Mobile | Le premier appareil de communication de flotte 4G\/LTE\" \/>\n<meta property=\"og:description\" content=\"Uniden\u00ae UV350 - Le premier appareil de communication de flotte 4G\/LTE, tout en un, qui vous permet de faire des appels vocaux d\u2019excellente qualit\u00e9, il est dot\u00e9 d\u2019une messagerie vocale instantan\u00e9e par t\u00e9l\u00e9phone cellulaire, d\u2019applications de donn\u00e9es et encore plus\" \/>\n<meta property=\"og:url\" content=\"https:\/\/rankdev.siyatamobile.com\/fr\/uniden-uv350\/\" \/>\n<meta property=\"og:site_name\" content=\"Siyata Mobile\" \/>\n<meta property=\"article:publisher\" content=\"https:\/\/www.facebook.com\/SiyataMobile\/\" \/>\n<meta property=\"article:modified_time\" content=\"2018-11-29T03:16:48+00:00\" \/>\n<meta property=\"og:image\" content=\"https:\/\/rankdev.siyatamobile.com\/wp-content\/uploads\/2019\/12\/UV350-Image-Front-Facing-1.png\" \/>\n\t<meta property=\"og:image:width\" content=\"1000\" \/>\n\t<meta property=\"og:image:height\" content=\"1000\" \/>\n\t<meta property=\"og:image:type\" content=\"image\/png\" \/>\n<meta name=\"twitter:card\" content=\"summary_large_image\" \/>\n<meta name=\"twitter:site\" content=\"@SiyataMobile\" \/>\n<script type=\"application\/ld+json\" class=\"yoast-schema-graph\">{\"@context\":\"https:\\\/\\\/schema.org\",\"@graph\":[{\"@type\":\"WebPage\",\"@id\":\"https:\\\/\\\/rankdev.siyatamobile.com\\\/fr\\\/uniden-uv350\\\/\",\"url\":\"https:\\\/\\\/rankdev.siyatamobile.com\\\/fr\\\/uniden-uv350\\\/\",\"name\":\"Uniden\u00ae UV350 | Siyata Mobile | Le premier appareil de communication de flotte 4G\\\/LTE\",\"isPartOf\":{\"@id\":\"https:\\\/\\\/rankdev.siyatamobile.com\\\/#website\"},\"primaryImageOfPage\":{\"@id\":\"https:\\\/\\\/rankdev.siyatamobile.com\\\/fr\\\/uniden-uv350\\\/#primaryimage\"},\"image\":{\"@id\":\"https:\\\/\\\/rankdev.siyatamobile.com\\\/fr\\\/uniden-uv350\\\/#primaryimage\"},\"thumbnailUrl\":\"https:\\\/\\\/rankdev.siyatamobile.com\\\/wp-content\\\/uploads\\\/2019\\\/12\\\/UV350-Image-Front-Facing-1.png\",\"datePublished\":\"2018-07-03T06:55:34+00:00\",\"dateModified\":\"2018-11-29T03:16:48+00:00\",\"description\":\"Uniden\u00ae UV350 - Le premier appareil de communication de flotte 4G\\\/LTE, tout en un, qui vous permet de faire des appels vocaux d\u2019excellente qualit\u00e9, il est dot\u00e9 d\u2019une messagerie vocale instantan\u00e9e par t\u00e9l\u00e9phone cellulaire, d\u2019applications de donn\u00e9es et encore plus\",\"breadcrumb\":{\"@id\":\"https:\\\/\\\/rankdev.siyatamobile.com\\\/fr\\\/uniden-uv350\\\/#breadcrumb\"},\"inLanguage\":\"fr-FR\",\"potentialAction\":[{\"@type\":\"ReadAction\",\"target\":[\"https:\\\/\\\/rankdev.siyatamobile.com\\\/fr\\\/uniden-uv350\\\/\"]}]},{\"@type\":\"ImageObject\",\"inLanguage\":\"fr-FR\",\"@id\":\"https:\\\/\\\/rankdev.siyatamobile.com\\\/fr\\\/uniden-uv350\\\/#primaryimage\",\"url\":\"https:\\\/\\\/rankdev.siyatamobile.com\\\/wp-content\\\/uploads\\\/2019\\\/12\\\/UV350-Image-Front-Facing-1.png\",\"contentUrl\":\"https:\\\/\\\/rankdev.siyatamobile.com\\\/wp-content\\\/uploads\\\/2019\\\/12\\\/UV350-Image-Front-Facing-1.png\",\"width\":1000,\"height\":1000},{\"@type\":\"BreadcrumbList\",\"@id\":\"https:\\\/\\\/rankdev.siyatamobile.com\\\/fr\\\/uniden-uv350\\\/#breadcrumb\",\"itemListElement\":[{\"@type\":\"ListItem\",\"position\":1,\"name\":\"Home\",\"item\":\"https:\\\/\\\/rankdev.siyatamobile.com\\\/fr\\\/\"},{\"@type\":\"ListItem\",\"position\":2,\"name\":\"Uniden\u00ae UV350\"}]},{\"@type\":\"WebSite\",\"@id\":\"https:\\\/\\\/rankdev.siyatamobile.com\\\/#website\",\"url\":\"https:\\\/\\\/rankdev.siyatamobile.com\\\/\",\"name\":\"Siyata Mobile\",\"description\":\"\",\"potentialAction\":[{\"@type\":\"SearchAction\",\"target\":{\"@type\":\"EntryPoint\",\"urlTemplate\":\"https:\\\/\\\/rankdev.siyatamobile.com\\\/?s={search_term_string}\"},\"query-input\":{\"@type\":\"PropertyValueSpecification\",\"valueRequired\":true,\"valueName\":\"search_term_string\"}}],\"inLanguage\":\"fr-FR\"}]}<\/script>\n<!-- \/ Yoast SEO plugin. -->","yoast_head_json":{"title":"Uniden\u00ae UV350 | Siyata Mobile | Le premier appareil de communication de flotte 4G\/LTE","description":"Uniden\u00ae UV350 - Le premier appareil de communication de flotte 4G\/LTE, tout en un, qui vous permet de faire des appels vocaux d\u2019excellente qualit\u00e9, il est dot\u00e9 d\u2019une messagerie vocale instantan\u00e9e par t\u00e9l\u00e9phone cellulaire, d\u2019applications de donn\u00e9es et encore plus","robots":{"index":"noindex","follow":"follow","max-snippet":"max-snippet:-1","max-image-preview":"max-image-preview:large","max-video-preview":"max-video-preview:-1"},"og_locale":"fr_FR","og_type":"article","og_title":"Uniden\u00ae UV350 | Siyata Mobile | Le premier appareil de communication de flotte 4G\/LTE","og_description":"Uniden\u00ae UV350 - Le premier appareil de communication de flotte 4G\/LTE, tout en un, qui vous permet de faire des appels vocaux d\u2019excellente qualit\u00e9, il est dot\u00e9 d\u2019une messagerie vocale instantan\u00e9e par t\u00e9l\u00e9phone cellulaire, d\u2019applications de donn\u00e9es et encore plus","og_url":"https:\/\/rankdev.siyatamobile.com\/fr\/uniden-uv350\/","og_site_name":"Siyata Mobile","article_publisher":"https:\/\/www.facebook.com\/SiyataMobile\/","article_modified_time":"2018-11-29T03:16:48+00:00","og_image":[{"width":1000,"height":1000,"url":"https:\/\/rankdev.siyatamobile.com\/wp-content\/uploads\/2019\/12\/UV350-Image-Front-Facing-1.png","type":"image\/png"}],"twitter_card":"summary_large_image","twitter_site":"@SiyataMobile","schema":{"@context":"https:\/\/schema.org","@graph":[{"@type":"WebPage","@id":"https:\/\/rankdev.siyatamobile.com\/fr\/uniden-uv350\/","url":"https:\/\/rankdev.siyatamobile.com\/fr\/uniden-uv350\/","name":"Uniden\u00ae UV350 | Siyata Mobile | Le premier appareil de communication de flotte 4G\/LTE","isPartOf":{"@id":"https:\/\/rankdev.siyatamobile.com\/#website"},"primaryImageOfPage":{"@id":"https:\/\/rankdev.siyatamobile.com\/fr\/uniden-uv350\/#primaryimage"},"image":{"@id":"https:\/\/rankdev.siyatamobile.com\/fr\/uniden-uv350\/#primaryimage"},"thumbnailUrl":"https:\/\/rankdev.siyatamobile.com\/wp-content\/uploads\/2019\/12\/UV350-Image-Front-Facing-1.png","datePublished":"2018-07-03T06:55:34+00:00","dateModified":"2018-11-29T03:16:48+00:00","description":"Uniden\u00ae UV350 - Le premier appareil de communication de flotte 4G\/LTE, tout en un, qui vous permet de faire des appels vocaux d\u2019excellente qualit\u00e9, il est dot\u00e9 d\u2019une messagerie vocale instantan\u00e9e par t\u00e9l\u00e9phone cellulaire, d\u2019applications de donn\u00e9es et encore plus","breadcrumb":{"@id":"https:\/\/rankdev.siyatamobile.com\/fr\/uniden-uv350\/#breadcrumb"},"inLanguage":"fr-FR","potentialAction":[{"@type":"ReadAction","target":["https:\/\/rankdev.siyatamobile.com\/fr\/uniden-uv350\/"]}]},{"@type":"ImageObject","inLanguage":"fr-FR","@id":"https:\/\/rankdev.siyatamobile.com\/fr\/uniden-uv350\/#primaryimage","url":"https:\/\/rankdev.siyatamobile.com\/wp-content\/uploads\/2019\/12\/UV350-Image-Front-Facing-1.png","contentUrl":"https:\/\/rankdev.siyatamobile.com\/wp-content\/uploads\/2019\/12\/UV350-Image-Front-Facing-1.png","width":1000,"height":1000},{"@type":"BreadcrumbList","@id":"https:\/\/rankdev.siyatamobile.com\/fr\/uniden-uv350\/#breadcrumb","itemListElement":[{"@type":"ListItem","position":1,"name":"Home","item":"https:\/\/rankdev.siyatamobile.com\/fr\/"},{"@type":"ListItem","position":2,"name":"Uniden\u00ae UV350"}]},{"@type":"WebSite","@id":"https:\/\/rankdev.siyatamobile.com\/#website","url":"https:\/\/rankdev.siyatamobile.com\/","name":"Siyata Mobile","description":"","potentialAction":[{"@type":"SearchAction","target":{"@type":"EntryPoint","urlTemplate":"https:\/\/rankdev.siyatamobile.com\/?s={search_term_string}"},"query-input":{"@type":"PropertyValueSpecification","valueRequired":true,"valueName":"search_term_string"}}],"inLanguage":"fr-FR"}]}},"_links":{"self":[{"href":"https:\/\/rankdev.siyatamobile.com\/fr\/wp-json\/wp\/v2\/pages\/601","targetHints":{"allow":["GET"]}}],"collection":[{"href":"https:\/\/rankdev.siyatamobile.com\/fr\/wp-json\/wp\/v2\/pages"}],"about":[{"href":"https:\/\/rankdev.siyatamobile.com\/fr\/wp-json\/wp\/v2\/types\/page"}],"author":[{"embeddable":true,"href":"https:\/\/rankdev.siyatamobile.com\/fr\/wp-json\/wp\/v2\/users\/1"}],"replies":[{"embeddable":true,"href":"https:\/\/rankdev.siyatamobile.com\/fr\/wp-json\/wp\/v2\/comments?post=601"}],"version-history":[{"count":40,"href":"https:\/\/rankdev.siyatamobile.com\/fr\/wp-json\/wp\/v2\/pages\/601\/revisions"}],"predecessor-version":[{"id":5567,"href":"https:\/\/rankdev.siyatamobile.com\/fr\/wp-json\/wp\/v2\/pages\/601\/revisions\/5567"}],"wp:featuredmedia":[{"embeddable":true,"href":"https:\/\/rankdev.siyatamobile.com\/fr\/wp-json\/wp\/v2\/media\/7560"}],"wp:attachment":[{"href":"https:\/\/rankdev.siyatamobile.com\/fr\/wp-json\/wp\/v2\/media?parent=601"}],"curies":[{"name":"wp","href":"https:\/\/api.w.org\/{rel}","templated":true}]}}