{"id":598,"date":"2018-06-21T09:21:08","date_gmt":"2018-06-21T09:21:08","guid":{"rendered":"https:\/\/rankdev.siyatamobile.com\/ptt-devices\/"},"modified":"2023-12-06T10:47:11","modified_gmt":"2023-12-06T18:47:11","slug":"dispositifs-ptt","status":"publish","type":"page","link":"https:\/\/rankdev.siyatamobile.com\/fr\/dispositifs-ptt\/","title":{"rendered":"Dispositifs PTT"},"content":{"rendered":"","protected":false},"excerpt":{"rendered":"","protected":false},"author":1,"featured_media":0,"parent":0,"menu_order":0,"comment_status":"closed","ping_status":"closed","template":"template-devices.php","meta":{"footnotes":""},"class_list":["post-598","page","type-page","status-publish","hentry"],"acf":[],"yoast_head":"<!-- This site is optimized with the Yoast SEO plugin v27.4 - https:\/\/yoast.com\/product\/yoast-seo-wordpress\/ -->\n<title>Dispositifs PTT | Siyata Mobile | La nouvelle g\u00e9n\u00e9ration d&#039;appareils cellulaires<\/title>\n<meta name=\"description\" content=\"Siyata Mobile p\u00e9riph\u00e9riques 4G \/ LTE sont con\u00e7us pour offrir une exp\u00e9rience plus s\u00fbre et plus efficace afin de remplacer vos syst\u00e8mes traditionnels obsol\u00e8tes.\" \/>\n<meta name=\"robots\" content=\"noindex, follow, max-snippet:-1, max-image-preview:large, max-video-preview:-1\" \/>\n<meta property=\"og:locale\" content=\"fr_FR\" \/>\n<meta property=\"og:type\" content=\"article\" \/>\n<meta property=\"og:title\" content=\"Dispositifs PTT | Siyata Mobile | La nouvelle g\u00e9n\u00e9ration d&#039;appareils cellulaires\" \/>\n<meta property=\"og:description\" content=\"Siyata Mobile p\u00e9riph\u00e9riques 4G \/ LTE sont con\u00e7us pour offrir une exp\u00e9rience plus s\u00fbre et plus efficace afin de remplacer vos syst\u00e8mes traditionnels obsol\u00e8tes.\" \/>\n<meta property=\"og:url\" content=\"https:\/\/rankdev.siyatamobile.com\/fr\/dispositifs-ptt\/\" \/>\n<meta property=\"og:site_name\" content=\"Siyata Mobile\" \/>\n<meta property=\"article:publisher\" content=\"https:\/\/www.facebook.com\/SiyataMobile\/\" \/>\n<meta property=\"article:modified_time\" content=\"2023-12-06T18:47:11+00:00\" \/>\n<meta name=\"twitter:card\" content=\"summary_large_image\" \/>\n<meta name=\"twitter:site\" content=\"@SiyataMobile\" \/>\n<script type=\"application\/ld+json\" class=\"yoast-schema-graph\">{\"@context\":\"https:\\\/\\\/schema.org\",\"@graph\":[{\"@type\":\"WebPage\",\"@id\":\"https:\\\/\\\/rankdev.siyatamobile.com\\\/fr\\\/dispositifs-ptt\\\/\",\"url\":\"https:\\\/\\\/rankdev.siyatamobile.com\\\/fr\\\/dispositifs-ptt\\\/\",\"name\":\"Dispositifs PTT | Siyata Mobile | La nouvelle g\u00e9n\u00e9ration d'appareils cellulaires\",\"isPartOf\":{\"@id\":\"https:\\\/\\\/rankdev.siyatamobile.com\\\/#website\"},\"datePublished\":\"2018-06-21T09:21:08+00:00\",\"dateModified\":\"2023-12-06T18:47:11+00:00\",\"description\":\"Siyata Mobile p\u00e9riph\u00e9riques 4G \\\/ LTE sont con\u00e7us pour offrir une exp\u00e9rience plus s\u00fbre et plus efficace afin de remplacer vos syst\u00e8mes traditionnels obsol\u00e8tes.\",\"breadcrumb\":{\"@id\":\"https:\\\/\\\/rankdev.siyatamobile.com\\\/fr\\\/dispositifs-ptt\\\/#breadcrumb\"},\"inLanguage\":\"fr-FR\",\"potentialAction\":[{\"@type\":\"ReadAction\",\"target\":[\"https:\\\/\\\/rankdev.siyatamobile.com\\\/fr\\\/dispositifs-ptt\\\/\"]}]},{\"@type\":\"BreadcrumbList\",\"@id\":\"https:\\\/\\\/rankdev.siyatamobile.com\\\/fr\\\/dispositifs-ptt\\\/#breadcrumb\",\"itemListElement\":[{\"@type\":\"ListItem\",\"position\":1,\"name\":\"Home\",\"item\":\"https:\\\/\\\/rankdev.siyatamobile.com\\\/fr\\\/\"},{\"@type\":\"ListItem\",\"position\":2,\"name\":\"Dispositifs PTT\"}]},{\"@type\":\"WebSite\",\"@id\":\"https:\\\/\\\/rankdev.siyatamobile.com\\\/#website\",\"url\":\"https:\\\/\\\/rankdev.siyatamobile.com\\\/\",\"name\":\"Siyata Mobile\",\"description\":\"\",\"potentialAction\":[{\"@type\":\"SearchAction\",\"target\":{\"@type\":\"EntryPoint\",\"urlTemplate\":\"https:\\\/\\\/rankdev.siyatamobile.com\\\/?s={search_term_string}\"},\"query-input\":{\"@type\":\"PropertyValueSpecification\",\"valueRequired\":true,\"valueName\":\"search_term_string\"}}],\"inLanguage\":\"fr-FR\"}]}<\/script>\n<!-- \/ Yoast SEO plugin. -->","yoast_head_json":{"title":"Dispositifs PTT | Siyata Mobile | La nouvelle g\u00e9n\u00e9ration d'appareils cellulaires","description":"Siyata Mobile p\u00e9riph\u00e9riques 4G \/ LTE sont con\u00e7us pour offrir une exp\u00e9rience plus s\u00fbre et plus efficace afin de remplacer vos syst\u00e8mes traditionnels obsol\u00e8tes.","robots":{"index":"noindex","follow":"follow","max-snippet":"max-snippet:-1","max-image-preview":"max-image-preview:large","max-video-preview":"max-video-preview:-1"},"og_locale":"fr_FR","og_type":"article","og_title":"Dispositifs PTT | Siyata Mobile | La nouvelle g\u00e9n\u00e9ration d'appareils cellulaires","og_description":"Siyata Mobile p\u00e9riph\u00e9riques 4G \/ LTE sont con\u00e7us pour offrir une exp\u00e9rience plus s\u00fbre et plus efficace afin de remplacer vos syst\u00e8mes traditionnels obsol\u00e8tes.","og_url":"https:\/\/rankdev.siyatamobile.com\/fr\/dispositifs-ptt\/","og_site_name":"Siyata Mobile","article_publisher":"https:\/\/www.facebook.com\/SiyataMobile\/","article_modified_time":"2023-12-06T18:47:11+00:00","twitter_card":"summary_large_image","twitter_site":"@SiyataMobile","schema":{"@context":"https:\/\/schema.org","@graph":[{"@type":"WebPage","@id":"https:\/\/rankdev.siyatamobile.com\/fr\/dispositifs-ptt\/","url":"https:\/\/rankdev.siyatamobile.com\/fr\/dispositifs-ptt\/","name":"Dispositifs PTT | Siyata Mobile | La nouvelle g\u00e9n\u00e9ration d'appareils cellulaires","isPartOf":{"@id":"https:\/\/rankdev.siyatamobile.com\/#website"},"datePublished":"2018-06-21T09:21:08+00:00","dateModified":"2023-12-06T18:47:11+00:00","description":"Siyata Mobile p\u00e9riph\u00e9riques 4G \/ LTE sont con\u00e7us pour offrir une exp\u00e9rience plus s\u00fbre et plus efficace afin de remplacer vos syst\u00e8mes traditionnels obsol\u00e8tes.","breadcrumb":{"@id":"https:\/\/rankdev.siyatamobile.com\/fr\/dispositifs-ptt\/#breadcrumb"},"inLanguage":"fr-FR","potentialAction":[{"@type":"ReadAction","target":["https:\/\/rankdev.siyatamobile.com\/fr\/dispositifs-ptt\/"]}]},{"@type":"BreadcrumbList","@id":"https:\/\/rankdev.siyatamobile.com\/fr\/dispositifs-ptt\/#breadcrumb","itemListElement":[{"@type":"ListItem","position":1,"name":"Home","item":"https:\/\/rankdev.siyatamobile.com\/fr\/"},{"@type":"ListItem","position":2,"name":"Dispositifs PTT"}]},{"@type":"WebSite","@id":"https:\/\/rankdev.siyatamobile.com\/#website","url":"https:\/\/rankdev.siyatamobile.com\/","name":"Siyata Mobile","description":"","potentialAction":[{"@type":"SearchAction","target":{"@type":"EntryPoint","urlTemplate":"https:\/\/rankdev.siyatamobile.com\/?s={search_term_string}"},"query-input":{"@type":"PropertyValueSpecification","valueRequired":true,"valueName":"search_term_string"}}],"inLanguage":"fr-FR"}]}},"_links":{"self":[{"href":"https:\/\/rankdev.siyatamobile.com\/fr\/wp-json\/wp\/v2\/pages\/598","targetHints":{"allow":["GET"]}}],"collection":[{"href":"https:\/\/rankdev.siyatamobile.com\/fr\/wp-json\/wp\/v2\/pages"}],"about":[{"href":"https:\/\/rankdev.siyatamobile.com\/fr\/wp-json\/wp\/v2\/types\/page"}],"author":[{"embeddable":true,"href":"https:\/\/rankdev.siyatamobile.com\/fr\/wp-json\/wp\/v2\/users\/1"}],"replies":[{"embeddable":true,"href":"https:\/\/rankdev.siyatamobile.com\/fr\/wp-json\/wp\/v2\/comments?post=598"}],"version-history":[{"count":14,"href":"https:\/\/rankdev.siyatamobile.com\/fr\/wp-json\/wp\/v2\/pages\/598\/revisions"}],"predecessor-version":[{"id":12574,"href":"https:\/\/rankdev.siyatamobile.com\/fr\/wp-json\/wp\/v2\/pages\/598\/revisions\/12574"}],"wp:attachment":[{"href":"https:\/\/rankdev.siyatamobile.com\/fr\/wp-json\/wp\/v2\/media?parent=598"}],"curies":[{"name":"wp","href":"https:\/\/api.w.org\/{rel}","templated":true}]}}