{"id":5475,"date":"2018-10-11T19:22:56","date_gmt":"2018-10-11T19:22:56","guid":{"rendered":"https:\/\/rankdev.siyatamobile.com\/?page_id=5475"},"modified":"2018-10-11T19:47:17","modified_gmt":"2018-10-11T19:47:17","slug":"conditions-dutilisation","status":"publish","type":"page","link":"https:\/\/rankdev.siyatamobile.com\/fr\/conditions-dutilisation\/","title":{"rendered":"Conditions d&rsquo;utilisation"},"content":{"rendered":"<h2>Aper\u00e7u<\/h2>\n<p>Ce site Web est exploit\u00e9 par Siyata Mobile. Tout au long du site, les termes \u00ab nous \u00bb, et \u00ab notre \u00bb font r\u00e9f\u00e9rence \u00e0 Siyata Mobile. Siyata Mobile propose ce site Web, y compris toutes les informations, outils et services disponibles sur ce site pour vous, l&rsquo;utilisateur, sous r\u00e9serve de votre acceptation de tous les termes, conditions, politiques et notifications \u00e9nonc\u00e9es ici.<\/p>\n<p>&nbsp;<\/p>\n<p>En visitant notre site, vous vous engagez dans notre \u00ab Service \u00bb et acceptez d&rsquo;\u00eatre li\u00e9 par les termes et conditions suivants (\u00ab Conditions d\u2019utilisation \u00bb, \u00ab Termes \u00bb), y compris les termes et conditions suppl\u00e9mentaires et les politiques r\u00e9f\u00e9renc\u00e9es ici et \/ ou disponibles par lien hypertexte. Ces conditions d&rsquo;utilisation s&rsquo;appliquent \u00e0 tous les utilisateurs du site, y compris, sans limitation, les utilisateurs qui sont des navigateurs, des fournisseurs, des clients, des marchands et \/ ou des contributeurs de contenu.<\/p>\n<p>&nbsp;<\/p>\n<p>Veuillez lire attentivement ces conditions d&rsquo;utilisation avant d&rsquo;acc\u00e9der ou d&rsquo;utiliser notre site Web. En acc\u00e9dant \u00e0 ou en utilisant une partie du site, vous acceptez d&rsquo;\u00eatre li\u00e9 par les pr\u00e9sentes conditions d&rsquo;utilisation. Si vous n&rsquo;acceptez pas tous les termes et conditions de cet accord, vous ne pouvez pas acc\u00e9der au site Web ni utiliser aucun service. Si ces conditions d&rsquo;utilisation sont consid\u00e9r\u00e9es comme une offre, l&rsquo;acceptation est express\u00e9ment limit\u00e9e \u00e0 ces conditions d&rsquo;utilisation.<\/p>\n<p>&nbsp;<\/p>\n<p>Toute nouvelle fonctionnalit\u00e9, contenu ou outil ajout\u00e9 au site Web actuel est \u00e9galement soumis aux Conditions d&rsquo;utilisation. Vous pouvez consulter la version la plus r\u00e9cente des conditions d&rsquo;utilisation \u00e0 tout moment sur cette page. Nous nous r\u00e9servons le droit de mettre \u00e0 jour, de modifier ou de remplacer toute partie de ces conditions d&rsquo;utilisation en publiant des mises \u00e0 jour et \/ ou des modifications sur notre site Web. Il vous incombe de v\u00e9rifier r\u00e9guli\u00e8rement cette page pour vous tenir au courant des modifications. Votre utilisation continue ou l&rsquo;acc\u00e8s au site Web apr\u00e8s la publication de tout changement constitue une acceptation de ces changements.<\/p>\n<p>&nbsp;<\/p>\n<h2>Droits d&rsquo;auteur et marque d\u00e9pos\u00e9e<\/h2>\n<p>Tous les contenus de ce site Web sont la propri\u00e9t\u00e9 de Siyata Mobile et sont prot\u00e9g\u00e9s par le droit d&rsquo;auteur. Nous ne sommes pas responsables du contenu des sites Web g\u00e9r\u00e9s par des parties autres que Siyata Mobile. Le logo Siyata Mobile et tous les autres noms de produits ou services ou slogans figurant sur le Site sont des marques d\u00e9pos\u00e9es et \/ ou des marques de common law de Siyata Mobile et \/ ou de ses fournisseurs ou conc\u00e9dants de licence, et ne peuvent \u00eatre copi\u00e9es, imit\u00e9es ni utilis\u00e9es, en tout ou en partie sans l&rsquo;autorisation \u00e9crite pr\u00e9alable de Siyata Mobile ou du titulaire de la marque concern\u00e9e. En outre, l&rsquo;apparence du site, y compris tous les en-t\u00eates de page, les graphiques personnalis\u00e9s, les ic\u00f4nes de boutons et les scripts, est la marque de service, la marque commerciale et \/ ou l&rsquo;habillage commercial de Siyata Mobile et ne peut \u00eatre copi\u00e9, imit\u00e9 ni utilis\u00e9, en totalit\u00e9 ou en partie, sans l&rsquo;autorisation \u00e9crite pr\u00e9alable de Siyata Mobile. Toutes les autres marques commerciales, marques d\u00e9pos\u00e9es, noms de produits et noms de soci\u00e9t\u00e9s ou logos mentionn\u00e9s sur le site sont la propri\u00e9t\u00e9 de leurs propri\u00e9taires respectifs. Toute r\u00e9f\u00e9rence \u00e0 des produits, services, processus ou autres informations, par nom commercial, marque, fabricant, fournisseur ou autre, ne constitue ni n\u2019implique un endossement, parrainage ou une recommandation de ceux-ci par Siyata Mobile. Les autres logos et noms de produits et de soci\u00e9t\u00e9s mentionn\u00e9s dans ce document peuvent \u00eatre des marques de commerce de leurs propri\u00e9taires respectifs.<\/p>\n<p>&nbsp;<\/p>\n<h2>Liens vers d&rsquo;autres sites Web<\/h2>\n<p>Ce site Web peut contenir des liens vers des sites Web exploit\u00e9s par des parties autres que les entit\u00e9s Siyata Mobile. Ces liens sont fournis uniquement pour votre r\u00e9f\u00e9rence. Nous ne contr\u00f4lons pas ces sites Web et ne sommes pas responsables de leur contenu, de la confidentialit\u00e9 ou des autres pratiques de ces sites. En outre, il vous appartient de prendre les mesures n\u00e9cessaires pour vous assurer que tous les liens que vous s\u00e9lectionnez ou les logiciels que vous t\u00e9l\u00e9chargez (que ce soit de ce site Web ou d&rsquo;autres sites Web) sont exempts d&rsquo;\u00e9l\u00e9ments tels que virus, d\u00e9fauts et d\u2019autres \u00e9l\u00e9ments de nature destructive. Notre inclusion de liens vers de tels sites Web n&rsquo;implique aucune approbation du contenu de ces sites Web ni aucune association avec leurs exploitants.<\/p>\n<p>&nbsp;<\/p>\n<h2>Int\u00e9gralit\u00e9 de l&rsquo;entente<\/h2>\n<p>Notre incapacit\u00e9 \u00e0 exercer ou \u00e0 appliquer tout droit ou toute disposition de ces Conditions d&rsquo;utilisation ne constitue pas une renonciation \u00e0 ce droit ou \u00e0 cette disposition.<\/p>\n<p>&nbsp;<\/p>\n<p>Les pr\u00e9sentes conditions d&rsquo;utilisation et les politiques ou r\u00e8gles d&rsquo;exploitation publi\u00e9es par nous sur ce site ou \u00e0 l&rsquo;\u00e9gard du Service constituent l&rsquo;int\u00e9gralit\u00e9 de l&rsquo;accord entre vous et nous et r\u00e9gissent votre utilisation du Service, rempla\u00e7ant tout accord, communication et proposition ant\u00e9rieurs ou contemporains, verbalement ou par \u00e9crit, entre vous et nous (y compris, sans toutefois s&rsquo;y limiter, les versions ant\u00e9rieures des conditions d&rsquo;utilisation).<\/p>\n<p>&nbsp;<\/p>\n<p>Toute ambigu\u00eft\u00e9 dans l&rsquo;interpr\u00e9tation des conditions d&rsquo;utilisation pr\u00e9sentes ne doit pas \u00eatre interpr\u00e9t\u00e9e \u00e0 l&rsquo;encontre du r\u00e9dacteur.<\/p>\n<p>&nbsp;<\/p>\n<h2>Changements aux conditions d&rsquo;utilisation<\/h2>\n<p>Vous pouvez consulter la version la plus r\u00e9cente des conditions d&rsquo;utilisation \u00e0 tout moment sur cette page. Nous nous r\u00e9servons le droit, \u00e0 notre seule discr\u00e9tion, de mettre \u00e0 jour, de modifier ou de remplacer toute partie de ces conditions d&rsquo;utilisation en publiant des mises \u00e0 jour et des modifications sur notre site Web. Il vous incombe de consulter r\u00e9guli\u00e8rement notre site Web pour vous tenir inform\u00e9 des modifications. Votre utilisation continue de ou l&rsquo;acc\u00e8s \u00e0 notre site Web ou au service apr\u00e8s l&rsquo;affichage de toute modification de ces conditions d&rsquo;utilisation constitue l&rsquo;acceptation de ces modifications.<\/p>\n<p>&nbsp;<\/p>\n<h2>Informations de contact<\/h2>\n<p>Toute question concernant les conditions d&rsquo;utilisation doit nous \u00eatre adress\u00e9e \u00e0 <a href=\"mailto:sales@siyatamobile.com\">sales@siyatamobile.com<\/a>.<\/p>\n","protected":false},"excerpt":{"rendered":"<p>Aper\u00e7u Ce site Web est exploit\u00e9 par Siyata Mobile. Tout au long du site, les termes \u00ab nous \u00bb, et \u00ab notre \u00bb font r\u00e9f\u00e9rence \u00e0 Siyata Mobile. Siyata Mobile propose ce site Web, y compris toutes les informations, outils et services disponibles sur ce site pour vous, l&rsquo;utilisateur, sous r\u00e9serve de votre acceptation de [&hellip;]<\/p>\n","protected":false},"author":2,"featured_media":0,"parent":0,"menu_order":0,"comment_status":"closed","ping_status":"closed","template":"","meta":{"footnotes":""},"class_list":["post-5475","page","type-page","status-publish","hentry"],"acf":[],"yoast_head":"<!-- This site is optimized with the Yoast SEO plugin v27.4 - https:\/\/yoast.com\/product\/yoast-seo-wordpress\/ -->\n<title>Conditions d\u2019utilisation | Siyata Mobile<\/title>\n<meta name=\"description\" content=\"Conditions d\u2019utilisation | Siyata Mobile\" \/>\n<meta name=\"robots\" content=\"noindex, follow, max-snippet:-1, max-image-preview:large, max-video-preview:-1\" \/>\n<meta property=\"og:locale\" content=\"fr_FR\" \/>\n<meta property=\"og:type\" content=\"article\" \/>\n<meta property=\"og:title\" content=\"Conditions d\u2019utilisation | Siyata Mobile\" \/>\n<meta property=\"og:description\" content=\"Conditions d\u2019utilisation | Siyata Mobile\" \/>\n<meta property=\"og:url\" content=\"https:\/\/rankdev.siyatamobile.com\/fr\/conditions-dutilisation\/\" \/>\n<meta property=\"og:site_name\" content=\"Siyata Mobile\" \/>\n<meta property=\"article:publisher\" content=\"https:\/\/www.facebook.com\/SiyataMobile\/\" \/>\n<meta property=\"article:modified_time\" content=\"2018-10-11T19:47:17+00:00\" \/>\n<meta name=\"twitter:card\" content=\"summary_large_image\" \/>\n<meta name=\"twitter:site\" content=\"@SiyataMobile\" \/>\n<meta name=\"twitter:label1\" content=\"Dur\u00e9e de lecture estim\u00e9e\" \/>\n\t<meta name=\"twitter:data1\" content=\"5 minutes\" \/>\n<script type=\"application\/ld+json\" class=\"yoast-schema-graph\">{\"@context\":\"https:\\\/\\\/schema.org\",\"@graph\":[{\"@type\":\"WebPage\",\"@id\":\"https:\\\/\\\/rankdev.siyatamobile.com\\\/fr\\\/conditions-dutilisation\\\/\",\"url\":\"https:\\\/\\\/rankdev.siyatamobile.com\\\/fr\\\/conditions-dutilisation\\\/\",\"name\":\"Conditions d\u2019utilisation | Siyata Mobile\",\"isPartOf\":{\"@id\":\"https:\\\/\\\/rankdev.siyatamobile.com\\\/#website\"},\"datePublished\":\"2018-10-11T19:22:56+00:00\",\"dateModified\":\"2018-10-11T19:47:17+00:00\",\"description\":\"Conditions d\u2019utilisation | Siyata Mobile\",\"breadcrumb\":{\"@id\":\"https:\\\/\\\/rankdev.siyatamobile.com\\\/fr\\\/conditions-dutilisation\\\/#breadcrumb\"},\"inLanguage\":\"fr-FR\",\"potentialAction\":[{\"@type\":\"ReadAction\",\"target\":[\"https:\\\/\\\/rankdev.siyatamobile.com\\\/fr\\\/conditions-dutilisation\\\/\"]}]},{\"@type\":\"BreadcrumbList\",\"@id\":\"https:\\\/\\\/rankdev.siyatamobile.com\\\/fr\\\/conditions-dutilisation\\\/#breadcrumb\",\"itemListElement\":[{\"@type\":\"ListItem\",\"position\":1,\"name\":\"Home\",\"item\":\"https:\\\/\\\/rankdev.siyatamobile.com\\\/fr\\\/\"},{\"@type\":\"ListItem\",\"position\":2,\"name\":\"Conditions d&#8217;utilisation\"}]},{\"@type\":\"WebSite\",\"@id\":\"https:\\\/\\\/rankdev.siyatamobile.com\\\/#website\",\"url\":\"https:\\\/\\\/rankdev.siyatamobile.com\\\/\",\"name\":\"Siyata Mobile\",\"description\":\"\",\"potentialAction\":[{\"@type\":\"SearchAction\",\"target\":{\"@type\":\"EntryPoint\",\"urlTemplate\":\"https:\\\/\\\/rankdev.siyatamobile.com\\\/?s={search_term_string}\"},\"query-input\":{\"@type\":\"PropertyValueSpecification\",\"valueRequired\":true,\"valueName\":\"search_term_string\"}}],\"inLanguage\":\"fr-FR\"}]}<\/script>\n<!-- \/ Yoast SEO plugin. -->","yoast_head_json":{"title":"Conditions d\u2019utilisation | Siyata Mobile","description":"Conditions d\u2019utilisation | Siyata Mobile","robots":{"index":"noindex","follow":"follow","max-snippet":"max-snippet:-1","max-image-preview":"max-image-preview:large","max-video-preview":"max-video-preview:-1"},"og_locale":"fr_FR","og_type":"article","og_title":"Conditions d\u2019utilisation | Siyata Mobile","og_description":"Conditions d\u2019utilisation | Siyata Mobile","og_url":"https:\/\/rankdev.siyatamobile.com\/fr\/conditions-dutilisation\/","og_site_name":"Siyata Mobile","article_publisher":"https:\/\/www.facebook.com\/SiyataMobile\/","article_modified_time":"2018-10-11T19:47:17+00:00","twitter_card":"summary_large_image","twitter_site":"@SiyataMobile","twitter_misc":{"Dur\u00e9e de lecture estim\u00e9e":"5 minutes"},"schema":{"@context":"https:\/\/schema.org","@graph":[{"@type":"WebPage","@id":"https:\/\/rankdev.siyatamobile.com\/fr\/conditions-dutilisation\/","url":"https:\/\/rankdev.siyatamobile.com\/fr\/conditions-dutilisation\/","name":"Conditions d\u2019utilisation | Siyata Mobile","isPartOf":{"@id":"https:\/\/rankdev.siyatamobile.com\/#website"},"datePublished":"2018-10-11T19:22:56+00:00","dateModified":"2018-10-11T19:47:17+00:00","description":"Conditions d\u2019utilisation | Siyata Mobile","breadcrumb":{"@id":"https:\/\/rankdev.siyatamobile.com\/fr\/conditions-dutilisation\/#breadcrumb"},"inLanguage":"fr-FR","potentialAction":[{"@type":"ReadAction","target":["https:\/\/rankdev.siyatamobile.com\/fr\/conditions-dutilisation\/"]}]},{"@type":"BreadcrumbList","@id":"https:\/\/rankdev.siyatamobile.com\/fr\/conditions-dutilisation\/#breadcrumb","itemListElement":[{"@type":"ListItem","position":1,"name":"Home","item":"https:\/\/rankdev.siyatamobile.com\/fr\/"},{"@type":"ListItem","position":2,"name":"Conditions d&#8217;utilisation"}]},{"@type":"WebSite","@id":"https:\/\/rankdev.siyatamobile.com\/#website","url":"https:\/\/rankdev.siyatamobile.com\/","name":"Siyata Mobile","description":"","potentialAction":[{"@type":"SearchAction","target":{"@type":"EntryPoint","urlTemplate":"https:\/\/rankdev.siyatamobile.com\/?s={search_term_string}"},"query-input":{"@type":"PropertyValueSpecification","valueRequired":true,"valueName":"search_term_string"}}],"inLanguage":"fr-FR"}]}},"_links":{"self":[{"href":"https:\/\/rankdev.siyatamobile.com\/fr\/wp-json\/wp\/v2\/pages\/5475","targetHints":{"allow":["GET"]}}],"collection":[{"href":"https:\/\/rankdev.siyatamobile.com\/fr\/wp-json\/wp\/v2\/pages"}],"about":[{"href":"https:\/\/rankdev.siyatamobile.com\/fr\/wp-json\/wp\/v2\/types\/page"}],"author":[{"embeddable":true,"href":"https:\/\/rankdev.siyatamobile.com\/fr\/wp-json\/wp\/v2\/users\/2"}],"replies":[{"embeddable":true,"href":"https:\/\/rankdev.siyatamobile.com\/fr\/wp-json\/wp\/v2\/comments?post=5475"}],"version-history":[{"count":4,"href":"https:\/\/rankdev.siyatamobile.com\/fr\/wp-json\/wp\/v2\/pages\/5475\/revisions"}],"predecessor-version":[{"id":5479,"href":"https:\/\/rankdev.siyatamobile.com\/fr\/wp-json\/wp\/v2\/pages\/5475\/revisions\/5479"}],"wp:attachment":[{"href":"https:\/\/rankdev.siyatamobile.com\/fr\/wp-json\/wp\/v2\/media?parent=5475"}],"curies":[{"name":"wp","href":"https:\/\/api.w.org\/{rel}","templated":true}]}}