{"id":5468,"date":"2018-10-11T19:15:35","date_gmt":"2018-10-11T19:15:35","guid":{"rendered":"https:\/\/rankdev.siyatamobile.com\/?page_id=5468"},"modified":"2018-10-11T19:47:44","modified_gmt":"2018-10-11T19:47:44","slug":"politique-de-confidentialite","status":"publish","type":"page","link":"https:\/\/rankdev.siyatamobile.com\/fr\/politique-de-confidentialite\/","title":{"rendered":"Politique de confidentialit\u00e9"},"content":{"rendered":"<h2>Politique de confidentialit\u00e9<\/h2>\n<p>Cette politique de confidentialit\u00e9 r\u00e9git la mani\u00e8re dont Siyata Mobile collecte, utilise, conserve et divulgue les informations collect\u00e9es aupr\u00e8s des utilisateurs (de chaque, \u00ab utilisateur \u00bb) du site Web www.siyatamobile.com (\u00ab Site \u00bb). Cette politique de confidentialit\u00e9 s&rsquo;applique au site et \u00e0 tous les produits et services propos\u00e9s par Siyata Mobile.<\/p>\n<p>&nbsp;<\/p>\n<h2>Informations d&rsquo;identification personnelles<\/h2>\n<p>Nous pouvons collecter des informations d&rsquo;identification personnelle aupr\u00e8s des utilisateurs de diff\u00e9rentes mani\u00e8res en liaison avec des activit\u00e9s, des services, des fonctionnalit\u00e9s ou des ressources que nous mettons \u00e0 disposition sur notre site. Nous collecterons des informations d&rsquo;identification personnelle aupr\u00e8s des utilisateurs uniquement s&rsquo;ils nous les soumettent volontairement. Les utilisateurs peuvent toujours refuser de fournir des informations d&rsquo;identification personnelles, mais cela peut les emp\u00eacher de participer \u00e0 certaines activit\u00e9s li\u00e9es au Site.<\/p>\n<p>&nbsp;<\/p>\n<h2>Informations d&rsquo;identification non personnelles<\/h2>\n<p>Nous pouvons collecter des informations d&rsquo;identification non personnelles sur les utilisateurs chaque fois qu&rsquo;ils interagissent avec notre site. Les informations d&rsquo;identification non personnelles peuvent inclure le nom du navigateur, le type d&rsquo;ordinateur et des informations techniques sur les moyens de connexion des utilisateurs \u00e0 notre site, telles que le syst\u00e8me d&rsquo;exploitation et les fournisseurs de services Internet utilis\u00e9s, ainsi que d&rsquo;autres informations similaires.<\/p>\n<p>&nbsp;<\/p>\n<h2>Cookies du navigateur Web<\/h2>\n<p>Notre site peut utiliser des \u00ab cookies \u00bb pour am\u00e9liorer l&rsquo;exp\u00e9rience utilisateur. Le navigateur Web de l\u2019utilisateur place des cookies sur son disque dur \u00e0 des fins de conservation des informations et parfois de suivi des informations les concernant. L&rsquo;utilisateur peut choisir de configurer son navigateur Web pour refuser les cookies ou pour vous avertir lorsque des cookies sont envoy\u00e9s. S&rsquo;ils le font, notez que certaines parties du site peuvent ne pas fonctionner correctement.<\/p>\n<p>&nbsp;<\/p>\n<h2>Comment nous utilisons les informations collect\u00e9es<\/h2>\n<p>Siyata Mobile peut collecter et utiliser les informations personnelles des utilisateurs aux fins suivantes:<\/p>\n<p>&nbsp;<\/p>\n<p>&#8211; Am\u00e9liorer le service \u00e0 la client\u00e8le. Les informations que vous fournissez nous aident \u00e0 r\u00e9pondre plus efficacement \u00e0 vos demandes de service \u00e0 la client\u00e8le et \u00e0 vos besoins d&rsquo;assistance.<\/p>\n<p>&#8211; Pour traiter les paiements, nous pouvons utiliser les informations que les utilisateurs fournissent sur eux-m\u00eames lorsqu&rsquo;ils passent une commande uniquement pour fournir un service \u00e0 cette commande. Nous ne partageons pas ces informations avec des tiers, sauf dans la mesure n\u00e9cessaire pour fournir le service.<\/p>\n<p>&#8211; Pour envoyer des courriels p\u00e9riodiques; nous pouvons utiliser l&rsquo;adresse courriel pour leur envoyer des informations et des mises \u00e0 jour relatives \u00e0 leur commande. Si l&rsquo;utilisateur d\u00e9cide de s&rsquo;inscrire sur notre liste de diffusion, il\/elle recevra des courriers \u00e9lectroniques pouvant inclure des informations sur la soci\u00e9t\u00e9, des mises \u00e0 jour, des informations sur le produit ou le service, etc. Si l&rsquo;utilisateur souhaite \u00e0 tout moment se d\u00e9sabonner, il pourra cependant le faire en nous contactant via notre site.<\/p>\n<p>&nbsp;<\/p>\n<h2>Comment nous prot\u00e9geons vos informations<\/h2>\n<p>Nous adoptons des pratiques appropri\u00e9es de collecte, de stockage et de traitement des donn\u00e9es, ainsi que des mesures de s\u00e9curit\u00e9 afin de vous prot\u00e9ger contre tout acc\u00e8s, modification, divulgation ou destruction non autoris\u00e9s de vos informations personnelles, nom d&rsquo;utilisateur, mot de passe, informations de transaction et donn\u00e9es stock\u00e9es sur notre site.<\/p>\n<p>&nbsp;<\/p>\n<h2>Partage de vos informations personnelles<\/h2>\n<p>Nous ne vendons, n&rsquo;\u00e9changeons ni ne louons les informations d&rsquo;identification personnelle des utilisateurs \u00e0 des tiers. Nous pouvons partager des informations d\u00e9mographiques agr\u00e9g\u00e9es g\u00e9n\u00e9riques non li\u00e9es \u00e0 des informations d&rsquo;identification personnelles concernant les visiteurs et les utilisateurs avec nos partenaires commerciaux, soci\u00e9t\u00e9s affili\u00e9es de confiance et annonceurs aux fins d\u00e9crites ci-dessus.<\/p>\n<p>&nbsp;<\/p>\n<h2>Sites tiers<\/h2>\n<p>Les utilisateurs peuvent trouver sur notre site des publicit\u00e9s ou d&rsquo;autres contenus qui renvoient vers les sites et services de nos partenaires, fournisseurs, annonceurs, sponsors, donneurs de licence et autres tiers. Nous ne contr\u00f4lons pas le contenu ou les liens qui apparaissent sur ces sites et ne sommes pas responsables des pratiques suivies par les sites Web li\u00e9s \u00e0 notre site ou \u00e0 partir de celui-ci. De plus, ces sites ou services, y compris leur contenu et leurs liens, peuvent \u00eatre en constante \u00e9volution. Ces sites et services peuvent avoir leurs propres politiques de confidentialit\u00e9 et de service \u00e0 la client\u00e8le. La navigation et les interactions sur tout autre site Web, y compris les sites Web comportant un lien vers notre site, sont soumises aux propres conditions et politiques de ce site Web.<\/p>\n<p>&nbsp;<\/p>\n<h2>La publicit\u00e9<\/h2>\n<p>Les annonces qui apparaissent sur notre site peuvent \u00eatre livr\u00e9es aux utilisateurs par des partenaires publicitaires qui peuvent cr\u00e9er des cookies. Ces cookies permettent au serveur de publicit\u00e9 de reconna\u00eetre votre ordinateur chaque fois qu\u2019ils vous envoient une publicit\u00e9 en ligne pour compiler des informations d\u2019identification non personnelles vous concernant ou concernant d\u2019autres utilisateurs de votre ordinateur. Ces informations permettent notamment aux r\u00e9gies publicitaires de diffuser des publicit\u00e9s cibl\u00e9es qui, \u00e0 leur avis, pourraient vous int\u00e9resser le plus. Cette politique de confidentialit\u00e9 ne couvre pas l&rsquo;utilisation de cookies par les annonceurs.<\/p>\n<p>&nbsp;<\/p>\n<h2>Changements \u00e0 cette politique de confidentialit\u00e9<\/h2>\n<p>Siyata Mobile a le pouvoir discr\u00e9tionnaire de mettre \u00e0 jour cette politique de confidentialit\u00e9 \u00e0 tout moment. Lorsque nous le ferons, nous r\u00e9viserons la date de mise \u00e0 jour au bas de cette page. Nous encourageons les utilisateurs \u00e0 consulter r\u00e9guli\u00e8rement cette page afin de d\u00e9tecter toute modification afin de rester inform\u00e9s de la mani\u00e8re dont nous aidons \u00e0 prot\u00e9ger les informations personnelles que nous collectons. Vous reconnaissez et acceptez qu&rsquo;il est de votre responsabilit\u00e9 de revoir cette politique de confidentialit\u00e9 p\u00e9riodiquement et de prendre connaissance des modifications.<\/p>\n<p>&nbsp;<\/p>\n<h2>Votre acceptation de ces termes<\/h2>\n<p>En utilisant ce site, vous indiquez que vous acceptez cette politique. Si vous n&rsquo;acceptez pas cette politique, veuillez ne pas utiliser notre site. Votre utilisation continue du site apr\u00e8s la publication de modifications de cette politique sera consid\u00e9r\u00e9e comme votre acceptation de ces modifications.<\/p>\n<p>&nbsp;<\/p>\n<h2>Nous contacter<\/h2>\n<p>Si vous avez des questions sur la pr\u00e9sente politique de confidentialit\u00e9, les pratiques de ce site ou vos relations avec ce site, veuillez nous contacter \u00e0 l&rsquo;adresse suivante:<\/p>\n<p><strong>Siyata Mobile.<\/strong><br \/>\n<strong>www.siyatamobile.com<\/strong><br \/>\n<strong><a href=\"mailto:sales@siyatamobile.com\">sales@siyatamobile.com<\/a><\/strong><\/p>\n<p>Ce document a \u00e9t\u00e9 mis \u00e0 jour le 23 juillet 2014<\/p>\n","protected":false},"excerpt":{"rendered":"<p>Politique de confidentialit\u00e9 Cette politique de confidentialit\u00e9 r\u00e9git la mani\u00e8re dont Siyata Mobile collecte, utilise, conserve et divulgue les informations collect\u00e9es aupr\u00e8s des utilisateurs (de chaque, \u00ab utilisateur \u00bb) du site Web www.siyatamobile.com (\u00ab Site \u00bb). Cette politique de confidentialit\u00e9 s&rsquo;applique au site et \u00e0 tous les produits et services propos\u00e9s par Siyata Mobile. &nbsp; [&hellip;]<\/p>\n","protected":false},"author":2,"featured_media":0,"parent":0,"menu_order":0,"comment_status":"closed","ping_status":"open","template":"","meta":{"footnotes":""},"class_list":["post-5468","page","type-page","status-publish","hentry"],"acf":[],"yoast_head":"<!-- This site is optimized with the Yoast SEO plugin v27.4 - https:\/\/yoast.com\/product\/yoast-seo-wordpress\/ -->\n<title>Politique de confidentialit\u00e9 | Siyata Mobile<\/title>\n<meta name=\"description\" content=\"Politique de confidentialit\u00e9 | Siyata Mobile\" \/>\n<meta name=\"robots\" content=\"noindex, follow, max-snippet:-1, max-image-preview:large, max-video-preview:-1\" \/>\n<meta property=\"og:locale\" content=\"fr_FR\" \/>\n<meta property=\"og:type\" content=\"article\" \/>\n<meta property=\"og:title\" content=\"Politique de confidentialit\u00e9 | Siyata Mobile\" \/>\n<meta property=\"og:description\" content=\"Politique de confidentialit\u00e9 | Siyata Mobile\" \/>\n<meta property=\"og:url\" content=\"https:\/\/rankdev.siyatamobile.com\/fr\/politique-de-confidentialite\/\" \/>\n<meta property=\"og:site_name\" content=\"Siyata Mobile\" \/>\n<meta property=\"article:publisher\" content=\"https:\/\/www.facebook.com\/SiyataMobile\/\" \/>\n<meta property=\"article:modified_time\" content=\"2018-10-11T19:47:44+00:00\" \/>\n<meta name=\"twitter:card\" content=\"summary_large_image\" \/>\n<meta name=\"twitter:site\" content=\"@SiyataMobile\" \/>\n<meta name=\"twitter:label1\" content=\"Dur\u00e9e de lecture estim\u00e9e\" \/>\n\t<meta name=\"twitter:data1\" content=\"5 minutes\" \/>\n<script type=\"application\/ld+json\" class=\"yoast-schema-graph\">{\"@context\":\"https:\\\/\\\/schema.org\",\"@graph\":[{\"@type\":\"WebPage\",\"@id\":\"https:\\\/\\\/rankdev.siyatamobile.com\\\/fr\\\/politique-de-confidentialite\\\/\",\"url\":\"https:\\\/\\\/rankdev.siyatamobile.com\\\/fr\\\/politique-de-confidentialite\\\/\",\"name\":\"Politique de confidentialit\u00e9 | Siyata Mobile\",\"isPartOf\":{\"@id\":\"https:\\\/\\\/rankdev.siyatamobile.com\\\/#website\"},\"datePublished\":\"2018-10-11T19:15:35+00:00\",\"dateModified\":\"2018-10-11T19:47:44+00:00\",\"description\":\"Politique de confidentialit\u00e9 | Siyata Mobile\",\"breadcrumb\":{\"@id\":\"https:\\\/\\\/rankdev.siyatamobile.com\\\/fr\\\/politique-de-confidentialite\\\/#breadcrumb\"},\"inLanguage\":\"fr-FR\",\"potentialAction\":[{\"@type\":\"ReadAction\",\"target\":[\"https:\\\/\\\/rankdev.siyatamobile.com\\\/fr\\\/politique-de-confidentialite\\\/\"]}]},{\"@type\":\"BreadcrumbList\",\"@id\":\"https:\\\/\\\/rankdev.siyatamobile.com\\\/fr\\\/politique-de-confidentialite\\\/#breadcrumb\",\"itemListElement\":[{\"@type\":\"ListItem\",\"position\":1,\"name\":\"Home\",\"item\":\"https:\\\/\\\/rankdev.siyatamobile.com\\\/fr\\\/\"},{\"@type\":\"ListItem\",\"position\":2,\"name\":\"Politique de confidentialit\u00e9\"}]},{\"@type\":\"WebSite\",\"@id\":\"https:\\\/\\\/rankdev.siyatamobile.com\\\/#website\",\"url\":\"https:\\\/\\\/rankdev.siyatamobile.com\\\/\",\"name\":\"Siyata Mobile\",\"description\":\"\",\"potentialAction\":[{\"@type\":\"SearchAction\",\"target\":{\"@type\":\"EntryPoint\",\"urlTemplate\":\"https:\\\/\\\/rankdev.siyatamobile.com\\\/?s={search_term_string}\"},\"query-input\":{\"@type\":\"PropertyValueSpecification\",\"valueRequired\":true,\"valueName\":\"search_term_string\"}}],\"inLanguage\":\"fr-FR\"}]}<\/script>\n<!-- \/ Yoast SEO plugin. -->","yoast_head_json":{"title":"Politique de confidentialit\u00e9 | Siyata Mobile","description":"Politique de confidentialit\u00e9 | Siyata Mobile","robots":{"index":"noindex","follow":"follow","max-snippet":"max-snippet:-1","max-image-preview":"max-image-preview:large","max-video-preview":"max-video-preview:-1"},"og_locale":"fr_FR","og_type":"article","og_title":"Politique de confidentialit\u00e9 | Siyata Mobile","og_description":"Politique de confidentialit\u00e9 | Siyata Mobile","og_url":"https:\/\/rankdev.siyatamobile.com\/fr\/politique-de-confidentialite\/","og_site_name":"Siyata Mobile","article_publisher":"https:\/\/www.facebook.com\/SiyataMobile\/","article_modified_time":"2018-10-11T19:47:44+00:00","twitter_card":"summary_large_image","twitter_site":"@SiyataMobile","twitter_misc":{"Dur\u00e9e de lecture estim\u00e9e":"5 minutes"},"schema":{"@context":"https:\/\/schema.org","@graph":[{"@type":"WebPage","@id":"https:\/\/rankdev.siyatamobile.com\/fr\/politique-de-confidentialite\/","url":"https:\/\/rankdev.siyatamobile.com\/fr\/politique-de-confidentialite\/","name":"Politique de confidentialit\u00e9 | Siyata Mobile","isPartOf":{"@id":"https:\/\/rankdev.siyatamobile.com\/#website"},"datePublished":"2018-10-11T19:15:35+00:00","dateModified":"2018-10-11T19:47:44+00:00","description":"Politique de confidentialit\u00e9 | Siyata Mobile","breadcrumb":{"@id":"https:\/\/rankdev.siyatamobile.com\/fr\/politique-de-confidentialite\/#breadcrumb"},"inLanguage":"fr-FR","potentialAction":[{"@type":"ReadAction","target":["https:\/\/rankdev.siyatamobile.com\/fr\/politique-de-confidentialite\/"]}]},{"@type":"BreadcrumbList","@id":"https:\/\/rankdev.siyatamobile.com\/fr\/politique-de-confidentialite\/#breadcrumb","itemListElement":[{"@type":"ListItem","position":1,"name":"Home","item":"https:\/\/rankdev.siyatamobile.com\/fr\/"},{"@type":"ListItem","position":2,"name":"Politique de confidentialit\u00e9"}]},{"@type":"WebSite","@id":"https:\/\/rankdev.siyatamobile.com\/#website","url":"https:\/\/rankdev.siyatamobile.com\/","name":"Siyata Mobile","description":"","potentialAction":[{"@type":"SearchAction","target":{"@type":"EntryPoint","urlTemplate":"https:\/\/rankdev.siyatamobile.com\/?s={search_term_string}"},"query-input":{"@type":"PropertyValueSpecification","valueRequired":true,"valueName":"search_term_string"}}],"inLanguage":"fr-FR"}]}},"_links":{"self":[{"href":"https:\/\/rankdev.siyatamobile.com\/fr\/wp-json\/wp\/v2\/pages\/5468","targetHints":{"allow":["GET"]}}],"collection":[{"href":"https:\/\/rankdev.siyatamobile.com\/fr\/wp-json\/wp\/v2\/pages"}],"about":[{"href":"https:\/\/rankdev.siyatamobile.com\/fr\/wp-json\/wp\/v2\/types\/page"}],"author":[{"embeddable":true,"href":"https:\/\/rankdev.siyatamobile.com\/fr\/wp-json\/wp\/v2\/users\/2"}],"replies":[{"embeddable":true,"href":"https:\/\/rankdev.siyatamobile.com\/fr\/wp-json\/wp\/v2\/comments?post=5468"}],"version-history":[{"count":1,"href":"https:\/\/rankdev.siyatamobile.com\/fr\/wp-json\/wp\/v2\/pages\/5468\/revisions"}],"predecessor-version":[{"id":5473,"href":"https:\/\/rankdev.siyatamobile.com\/fr\/wp-json\/wp\/v2\/pages\/5468\/revisions\/5473"}],"wp:attachment":[{"href":"https:\/\/rankdev.siyatamobile.com\/fr\/wp-json\/wp\/v2\/media?parent=5468"}],"curies":[{"name":"wp","href":"https:\/\/api.w.org\/{rel}","templated":true}]}}