{"id":4636,"date":"2018-07-12T19:19:44","date_gmt":"2018-07-12T19:19:44","guid":{"rendered":"https:\/\/rankdev.siyatamobile.com\/uniden-ucp200\/"},"modified":"2018-08-16T21:00:33","modified_gmt":"2018-08-16T21:00:33","slug":"uniden-ucp200","status":"publish","type":"page","link":"https:\/\/rankdev.siyatamobile.com\/fr\/uniden-ucp200\/","title":{"rendered":"Uniden\u00ae UCP200"},"content":{"rendered":"","protected":false},"excerpt":{"rendered":"","protected":false},"author":1,"featured_media":931,"parent":0,"menu_order":0,"comment_status":"closed","ping_status":"closed","template":"template-product.php","meta":{"footnotes":""},"class_list":["post-4636","page","type-page","status-publish","has-post-thumbnail","hentry"],"acf":[],"yoast_head":"<!-- This site is optimized with the Yoast SEO plugin v27.4 - https:\/\/yoast.com\/product\/yoast-seo-wordpress\/ -->\n<title>Uniden\u00ae UCP200 (VOYAGER) | Siyata Mobile | Le premier smartphone int\u00e9gr\u00e9 et d\u00e9di\u00e9<\/title>\n<meta name=\"description\" content=\"Uniden\u00ae UCP200 - (anciennement VOYAGER) est le premier smartphone int\u00e9gr\u00e9 et d\u00e9di\u00e9 au monde pour les v\u00e9hicules personnels et commerciaux, les camionnettes, les camions et les flottes.\" \/>\n<meta name=\"robots\" content=\"noindex, follow, max-snippet:-1, max-image-preview:large, max-video-preview:-1\" \/>\n<meta property=\"og:locale\" content=\"fr_FR\" \/>\n<meta property=\"og:type\" content=\"article\" \/>\n<meta property=\"og:title\" content=\"Uniden\u00ae UCP200 (VOYAGER) | Siyata Mobile | Le premier smartphone int\u00e9gr\u00e9 et d\u00e9di\u00e9\" \/>\n<meta property=\"og:description\" content=\"Uniden\u00ae UCP200 - (anciennement VOYAGER) est le premier smartphone int\u00e9gr\u00e9 et d\u00e9di\u00e9 au monde pour les v\u00e9hicules personnels et commerciaux, les camionnettes, les camions et les flottes.\" \/>\n<meta property=\"og:url\" content=\"https:\/\/rankdev.siyatamobile.com\/fr\/uniden-ucp200\/\" \/>\n<meta property=\"og:site_name\" content=\"Siyata Mobile\" \/>\n<meta property=\"article:publisher\" content=\"https:\/\/www.facebook.com\/SiyataMobile\/\" \/>\n<meta property=\"article:modified_time\" content=\"2018-08-16T21:00:33+00:00\" \/>\n<meta property=\"og:image\" content=\"https:\/\/rankdev.siyatamobile.com\/wp-content\/uploads\/2018\/07\/voyager.jpg\" \/>\n\t<meta property=\"og:image:width\" content=\"2013\" \/>\n\t<meta property=\"og:image:height\" content=\"4268\" \/>\n\t<meta property=\"og:image:type\" content=\"image\/jpeg\" \/>\n<meta name=\"twitter:card\" content=\"summary_large_image\" \/>\n<meta name=\"twitter:site\" content=\"@SiyataMobile\" \/>\n<script type=\"application\/ld+json\" class=\"yoast-schema-graph\">{\"@context\":\"https:\\\/\\\/schema.org\",\"@graph\":[{\"@type\":\"WebPage\",\"@id\":\"https:\\\/\\\/rankdev.siyatamobile.com\\\/fr\\\/uniden-ucp200\\\/\",\"url\":\"https:\\\/\\\/rankdev.siyatamobile.com\\\/fr\\\/uniden-ucp200\\\/\",\"name\":\"Uniden\u00ae UCP200 (VOYAGER) | Siyata Mobile | Le premier smartphone int\u00e9gr\u00e9 et d\u00e9di\u00e9\",\"isPartOf\":{\"@id\":\"https:\\\/\\\/rankdev.siyatamobile.com\\\/#website\"},\"primaryImageOfPage\":{\"@id\":\"https:\\\/\\\/rankdev.siyatamobile.com\\\/fr\\\/uniden-ucp200\\\/#primaryimage\"},\"image\":{\"@id\":\"https:\\\/\\\/rankdev.siyatamobile.com\\\/fr\\\/uniden-ucp200\\\/#primaryimage\"},\"thumbnailUrl\":\"https:\\\/\\\/rankdev.siyatamobile.com\\\/wp-content\\\/uploads\\\/2018\\\/07\\\/voyager.jpg\",\"datePublished\":\"2018-07-12T19:19:44+00:00\",\"dateModified\":\"2018-08-16T21:00:33+00:00\",\"description\":\"Uniden\u00ae UCP200 - (anciennement VOYAGER) est le premier smartphone int\u00e9gr\u00e9 et d\u00e9di\u00e9 au monde pour les v\u00e9hicules personnels et commerciaux, les camionnettes, les camions et les flottes.\",\"breadcrumb\":{\"@id\":\"https:\\\/\\\/rankdev.siyatamobile.com\\\/fr\\\/uniden-ucp200\\\/#breadcrumb\"},\"inLanguage\":\"fr-FR\",\"potentialAction\":[{\"@type\":\"ReadAction\",\"target\":[\"https:\\\/\\\/rankdev.siyatamobile.com\\\/fr\\\/uniden-ucp200\\\/\"]}]},{\"@type\":\"ImageObject\",\"inLanguage\":\"fr-FR\",\"@id\":\"https:\\\/\\\/rankdev.siyatamobile.com\\\/fr\\\/uniden-ucp200\\\/#primaryimage\",\"url\":\"https:\\\/\\\/rankdev.siyatamobile.com\\\/wp-content\\\/uploads\\\/2018\\\/07\\\/voyager.jpg\",\"contentUrl\":\"https:\\\/\\\/rankdev.siyatamobile.com\\\/wp-content\\\/uploads\\\/2018\\\/07\\\/voyager.jpg\",\"width\":2013,\"height\":4268},{\"@type\":\"BreadcrumbList\",\"@id\":\"https:\\\/\\\/rankdev.siyatamobile.com\\\/fr\\\/uniden-ucp200\\\/#breadcrumb\",\"itemListElement\":[{\"@type\":\"ListItem\",\"position\":1,\"name\":\"Home\",\"item\":\"https:\\\/\\\/rankdev.siyatamobile.com\\\/fr\\\/\"},{\"@type\":\"ListItem\",\"position\":2,\"name\":\"Uniden\u00ae UCP200\"}]},{\"@type\":\"WebSite\",\"@id\":\"https:\\\/\\\/rankdev.siyatamobile.com\\\/#website\",\"url\":\"https:\\\/\\\/rankdev.siyatamobile.com\\\/\",\"name\":\"Siyata Mobile\",\"description\":\"\",\"potentialAction\":[{\"@type\":\"SearchAction\",\"target\":{\"@type\":\"EntryPoint\",\"urlTemplate\":\"https:\\\/\\\/rankdev.siyatamobile.com\\\/?s={search_term_string}\"},\"query-input\":{\"@type\":\"PropertyValueSpecification\",\"valueRequired\":true,\"valueName\":\"search_term_string\"}}],\"inLanguage\":\"fr-FR\"}]}<\/script>\n<!-- \/ Yoast SEO plugin. -->","yoast_head_json":{"title":"Uniden\u00ae UCP200 (VOYAGER) | Siyata Mobile | Le premier smartphone int\u00e9gr\u00e9 et d\u00e9di\u00e9","description":"Uniden\u00ae UCP200 - (anciennement VOYAGER) est le premier smartphone int\u00e9gr\u00e9 et d\u00e9di\u00e9 au monde pour les v\u00e9hicules personnels et commerciaux, les camionnettes, les camions et les flottes.","robots":{"index":"noindex","follow":"follow","max-snippet":"max-snippet:-1","max-image-preview":"max-image-preview:large","max-video-preview":"max-video-preview:-1"},"og_locale":"fr_FR","og_type":"article","og_title":"Uniden\u00ae UCP200 (VOYAGER) | Siyata Mobile | Le premier smartphone int\u00e9gr\u00e9 et d\u00e9di\u00e9","og_description":"Uniden\u00ae UCP200 - (anciennement VOYAGER) est le premier smartphone int\u00e9gr\u00e9 et d\u00e9di\u00e9 au monde pour les v\u00e9hicules personnels et commerciaux, les camionnettes, les camions et les flottes.","og_url":"https:\/\/rankdev.siyatamobile.com\/fr\/uniden-ucp200\/","og_site_name":"Siyata Mobile","article_publisher":"https:\/\/www.facebook.com\/SiyataMobile\/","article_modified_time":"2018-08-16T21:00:33+00:00","og_image":[{"width":2013,"height":4268,"url":"https:\/\/rankdev.siyatamobile.com\/wp-content\/uploads\/2018\/07\/voyager.jpg","type":"image\/jpeg"}],"twitter_card":"summary_large_image","twitter_site":"@SiyataMobile","schema":{"@context":"https:\/\/schema.org","@graph":[{"@type":"WebPage","@id":"https:\/\/rankdev.siyatamobile.com\/fr\/uniden-ucp200\/","url":"https:\/\/rankdev.siyatamobile.com\/fr\/uniden-ucp200\/","name":"Uniden\u00ae UCP200 (VOYAGER) | Siyata Mobile | Le premier smartphone int\u00e9gr\u00e9 et d\u00e9di\u00e9","isPartOf":{"@id":"https:\/\/rankdev.siyatamobile.com\/#website"},"primaryImageOfPage":{"@id":"https:\/\/rankdev.siyatamobile.com\/fr\/uniden-ucp200\/#primaryimage"},"image":{"@id":"https:\/\/rankdev.siyatamobile.com\/fr\/uniden-ucp200\/#primaryimage"},"thumbnailUrl":"https:\/\/rankdev.siyatamobile.com\/wp-content\/uploads\/2018\/07\/voyager.jpg","datePublished":"2018-07-12T19:19:44+00:00","dateModified":"2018-08-16T21:00:33+00:00","description":"Uniden\u00ae UCP200 - (anciennement VOYAGER) est le premier smartphone int\u00e9gr\u00e9 et d\u00e9di\u00e9 au monde pour les v\u00e9hicules personnels et commerciaux, les camionnettes, les camions et les flottes.","breadcrumb":{"@id":"https:\/\/rankdev.siyatamobile.com\/fr\/uniden-ucp200\/#breadcrumb"},"inLanguage":"fr-FR","potentialAction":[{"@type":"ReadAction","target":["https:\/\/rankdev.siyatamobile.com\/fr\/uniden-ucp200\/"]}]},{"@type":"ImageObject","inLanguage":"fr-FR","@id":"https:\/\/rankdev.siyatamobile.com\/fr\/uniden-ucp200\/#primaryimage","url":"https:\/\/rankdev.siyatamobile.com\/wp-content\/uploads\/2018\/07\/voyager.jpg","contentUrl":"https:\/\/rankdev.siyatamobile.com\/wp-content\/uploads\/2018\/07\/voyager.jpg","width":2013,"height":4268},{"@type":"BreadcrumbList","@id":"https:\/\/rankdev.siyatamobile.com\/fr\/uniden-ucp200\/#breadcrumb","itemListElement":[{"@type":"ListItem","position":1,"name":"Home","item":"https:\/\/rankdev.siyatamobile.com\/fr\/"},{"@type":"ListItem","position":2,"name":"Uniden\u00ae UCP200"}]},{"@type":"WebSite","@id":"https:\/\/rankdev.siyatamobile.com\/#website","url":"https:\/\/rankdev.siyatamobile.com\/","name":"Siyata Mobile","description":"","potentialAction":[{"@type":"SearchAction","target":{"@type":"EntryPoint","urlTemplate":"https:\/\/rankdev.siyatamobile.com\/?s={search_term_string}"},"query-input":{"@type":"PropertyValueSpecification","valueRequired":true,"valueName":"search_term_string"}}],"inLanguage":"fr-FR"}]}},"_links":{"self":[{"href":"https:\/\/rankdev.siyatamobile.com\/fr\/wp-json\/wp\/v2\/pages\/4636","targetHints":{"allow":["GET"]}}],"collection":[{"href":"https:\/\/rankdev.siyatamobile.com\/fr\/wp-json\/wp\/v2\/pages"}],"about":[{"href":"https:\/\/rankdev.siyatamobile.com\/fr\/wp-json\/wp\/v2\/types\/page"}],"author":[{"embeddable":true,"href":"https:\/\/rankdev.siyatamobile.com\/fr\/wp-json\/wp\/v2\/users\/1"}],"replies":[{"embeddable":true,"href":"https:\/\/rankdev.siyatamobile.com\/fr\/wp-json\/wp\/v2\/comments?post=4636"}],"version-history":[{"count":2,"href":"https:\/\/rankdev.siyatamobile.com\/fr\/wp-json\/wp\/v2\/pages\/4636\/revisions"}],"predecessor-version":[{"id":4714,"href":"https:\/\/rankdev.siyatamobile.com\/fr\/wp-json\/wp\/v2\/pages\/4636\/revisions\/4714"}],"wp:featuredmedia":[{"embeddable":true,"href":"https:\/\/rankdev.siyatamobile.com\/fr\/wp-json\/wp\/v2\/media\/931"}],"wp:attachment":[{"href":"https:\/\/rankdev.siyatamobile.com\/fr\/wp-json\/wp\/v2\/media?parent=4636"}],"curies":[{"name":"wp","href":"https:\/\/api.w.org\/{rel}","templated":true}]}}